{"id":1310,"date":"2022-12-14T14:36:17","date_gmt":"2022-12-14T17:36:17","guid":{"rendered":"https:\/\/tecnomotor.com\/es\/?page_id=1310"},"modified":"2022-12-14T14:36:17","modified_gmt":"2022-12-14T17:36:17","slug":"termino-de-uso","status":"publish","type":"page","link":"https:\/\/tecnomotor.com\/es\/termino-de-uso\/","title":{"rendered":"T\u00e9rmino de Uso"},"content":{"rendered":"\n<p><\/p>\n\n\n\n<pre id=\"tw-target-text\" class=\"wp-block-preformatted\"><strong>ATENCI\u00d3N: POR FAVOR LEA ESTOS T\u00c9RMINOS CUIDADOSAMENTE ANTES DE UTILIZAR ESTE SITIO. EL USO DE ESTE SITIO INDICA QUE USTED ACEPTA ESTOS T\u00c9RMINOS. SI NO ACEPTA ESTOS T\u00c9RMINOS (\"T\u00c9RMINOS\"), NO USE ESTE SITIO.<\/strong>\n\n<strong>USO DEL SITIO<\/strong>\nTecnomotor (Tecnomotor Eletr\u00f4nica do Brasil S.A y Tecnomotor Distribuidora S.A.) le otorga autorizaci\u00f3n para ver y obtener los materiales en este sitio (\"Sitio\") exclusivamente para su uso personal, no comercial, siempre que conserve, en todas las copias de los materiales , todos los derechos de autor y otros avisos de propiedad contenidos en los materiales originales.\nNo puede modificar los materiales de este Sitio de ninguna manera ni reproducir, exhibir p\u00fablicamente, realizar, distribuir o utilizar estos materiales para ning\u00fan fin p\u00fablico o comercial. Cualquier uso de estos materiales en cualquier otro sitio web o entorno inform\u00e1tico en red para cualquier prop\u00f3sito est\u00e1 prohibido. Los materiales en este Sitio tienen derechos de autor y cualquier uso no autorizado de cualquier material en este Sitio puede violar los derechos de autor, marcas registradas y otras leyes.\nSi viola alguno de estos T\u00e9rminos, su autorizaci\u00f3n para usar este Sitio finaliza autom\u00e1ticamente y debe destruir de inmediato cualquier material impreso o descargado.<\/pre>\n","protected":false},"excerpt":{"rendered":"<p>ATENCI\u00d3N: POR FAVOR LEA ESTOS T\u00c9RMINOS CUIDADOSAMENTE ANTES DE UTILIZAR ESTE SITIO. EL USO DE ESTE SITIO INDICA QUE USTED ACEPTA ESTOS T\u00c9RMINOS. SI NO ACEPTA ESTOS T\u00c9RMINOS (&#8220;T\u00c9RMINOS&#8221;), NO USE ESTE SITIO. USO DEL SITIO Tecnomotor (Tecnomotor Eletr\u00f4nica do Brasil S.A y Tecnomotor Distribuidora S.A.) le otorga autorizaci\u00f3n para ver y obtener los materiales&hellip; <a class=\"more-link\" href=\"https:\/\/tecnomotor.com\/es\/termino-de-uso\/\">Continuar lendo <span class=\"screen-reader-text\">T\u00e9rmino de Uso<\/span><\/a><\/p>\n","protected":false},"author":2,"featured_media":0,"parent":0,"menu_order":0,"comment_status":"closed","ping_status":"closed","template":"","meta":{"inline_featured_image":false,"_monsterinsights_skip_tracking":false,"_monsterinsights_sitenote_active":false,"_monsterinsights_sitenote_note":"","_monsterinsights_sitenote_category":0,"_themeisle_gutenberg_block_has_review":false,"_joinchat":[],"footnotes":""},"class_list":["post-1310","page","type-page","status-publish","hentry","entry"],"yoast_head":"<!-- This site is optimized with the Yoast SEO plugin v27.5 - https:\/\/yoast.com\/product\/yoast-seo-wordpress\/ -->\n<title>T\u00e9rmino de Uso - Tecnomotor - Es<\/title>\n<meta name=\"robots\" content=\"index, follow, max-snippet:-1, max-image-preview:large, max-video-preview:-1\" \/>\n<link rel=\"canonical\" href=\"https:\/\/tecnomotor.com\/es\/termino-de-uso\/\" \/>\n<meta property=\"og:locale\" content=\"pt_BR\" \/>\n<meta property=\"og:type\" content=\"article\" \/>\n<meta property=\"og:title\" content=\"T\u00e9rmino de Uso - Tecnomotor - Es\" \/>\n<meta property=\"og:description\" content=\"ATENCI\u00d3N: POR FAVOR LEA ESTOS T\u00c9RMINOS CUIDADOSAMENTE ANTES DE UTILIZAR ESTE SITIO. EL USO DE ESTE SITIO INDICA QUE USTED ACEPTA ESTOS T\u00c9RMINOS. SI NO ACEPTA ESTOS T\u00c9RMINOS (&quot;T\u00c9RMINOS&quot;), NO USE ESTE SITIO. USO DEL SITIO Tecnomotor (Tecnomotor Eletr\u00f4nica do Brasil S.A y Tecnomotor Distribuidora S.A.) le otorga autorizaci\u00f3n para ver y obtener los materiales&hellip; Continuar lendo T\u00e9rmino de Uso\" \/>\n<meta property=\"og:url\" content=\"https:\/\/tecnomotor.com\/es\/termino-de-uso\/\" \/>\n<meta property=\"og:site_name\" content=\"Tecnomotor - Es\" \/>\n<meta name=\"twitter:card\" content=\"summary_large_image\" \/>\n<meta name=\"twitter:label1\" content=\"Est. tempo de leitura\" \/>\n\t<meta name=\"twitter:data1\" content=\"1 minuto\" \/>\n<script type=\"application\/ld+json\" class=\"yoast-schema-graph\">{\"@context\":\"https:\\\/\\\/schema.org\",\"@graph\":[{\"@type\":\"WebPage\",\"@id\":\"https:\\\/\\\/tecnomotor.com\\\/es\\\/termino-de-uso\\\/\",\"url\":\"https:\\\/\\\/tecnomotor.com\\\/es\\\/termino-de-uso\\\/\",\"name\":\"T\u00e9rmino de Uso - Tecnomotor - Es\",\"isPartOf\":{\"@id\":\"https:\\\/\\\/tecnomotor.com\\\/es\\\/#website\"},\"datePublished\":\"2022-12-14T17:36:17+00:00\",\"breadcrumb\":{\"@id\":\"https:\\\/\\\/tecnomotor.com\\\/es\\\/termino-de-uso\\\/#breadcrumb\"},\"inLanguage\":\"pt-BR\",\"potentialAction\":[{\"@type\":\"ReadAction\",\"target\":[\"https:\\\/\\\/tecnomotor.com\\\/es\\\/termino-de-uso\\\/\"]}]},{\"@type\":\"BreadcrumbList\",\"@id\":\"https:\\\/\\\/tecnomotor.com\\\/es\\\/termino-de-uso\\\/#breadcrumb\",\"itemListElement\":[{\"@type\":\"ListItem\",\"position\":1,\"name\":\"In\u00edcio\",\"item\":\"https:\\\/\\\/tecnomotor.com\\\/es\\\/\"},{\"@type\":\"ListItem\",\"position\":2,\"name\":\"T\u00e9rmino de Uso\"}]},{\"@type\":\"WebSite\",\"@id\":\"https:\\\/\\\/tecnomotor.com\\\/es\\\/#website\",\"url\":\"https:\\\/\\\/tecnomotor.com\\\/es\\\/\",\"name\":\"Tecnomotor - Es\",\"description\":\"\",\"potentialAction\":[{\"@type\":\"SearchAction\",\"target\":{\"@type\":\"EntryPoint\",\"urlTemplate\":\"https:\\\/\\\/tecnomotor.com\\\/es\\\/?s={search_term_string}\"},\"query-input\":{\"@type\":\"PropertyValueSpecification\",\"valueRequired\":true,\"valueName\":\"search_term_string\"}}],\"inLanguage\":\"pt-BR\"}]}<\/script>\n<!-- \/ Yoast SEO plugin. -->","yoast_head_json":{"title":"T\u00e9rmino de Uso - Tecnomotor - Es","robots":{"index":"index","follow":"follow","max-snippet":"max-snippet:-1","max-image-preview":"max-image-preview:large","max-video-preview":"max-video-preview:-1"},"canonical":"https:\/\/tecnomotor.com\/es\/termino-de-uso\/","og_locale":"pt_BR","og_type":"article","og_title":"T\u00e9rmino de Uso - Tecnomotor - Es","og_description":"ATENCI\u00d3N: POR FAVOR LEA ESTOS T\u00c9RMINOS CUIDADOSAMENTE ANTES DE UTILIZAR ESTE SITIO. EL USO DE ESTE SITIO INDICA QUE USTED ACEPTA ESTOS T\u00c9RMINOS. SI NO ACEPTA ESTOS T\u00c9RMINOS (\"T\u00c9RMINOS\"), NO USE ESTE SITIO. USO DEL SITIO Tecnomotor (Tecnomotor Eletr\u00f4nica do Brasil S.A y Tecnomotor Distribuidora S.A.) le otorga autorizaci\u00f3n para ver y obtener los materiales&hellip; Continuar lendo T\u00e9rmino de Uso","og_url":"https:\/\/tecnomotor.com\/es\/termino-de-uso\/","og_site_name":"Tecnomotor - Es","twitter_card":"summary_large_image","twitter_misc":{"Est. tempo de leitura":"1 minuto"},"schema":{"@context":"https:\/\/schema.org","@graph":[{"@type":"WebPage","@id":"https:\/\/tecnomotor.com\/es\/termino-de-uso\/","url":"https:\/\/tecnomotor.com\/es\/termino-de-uso\/","name":"T\u00e9rmino de Uso - Tecnomotor - Es","isPartOf":{"@id":"https:\/\/tecnomotor.com\/es\/#website"},"datePublished":"2022-12-14T17:36:17+00:00","breadcrumb":{"@id":"https:\/\/tecnomotor.com\/es\/termino-de-uso\/#breadcrumb"},"inLanguage":"pt-BR","potentialAction":[{"@type":"ReadAction","target":["https:\/\/tecnomotor.com\/es\/termino-de-uso\/"]}]},{"@type":"BreadcrumbList","@id":"https:\/\/tecnomotor.com\/es\/termino-de-uso\/#breadcrumb","itemListElement":[{"@type":"ListItem","position":1,"name":"In\u00edcio","item":"https:\/\/tecnomotor.com\/es\/"},{"@type":"ListItem","position":2,"name":"T\u00e9rmino de Uso"}]},{"@type":"WebSite","@id":"https:\/\/tecnomotor.com\/es\/#website","url":"https:\/\/tecnomotor.com\/es\/","name":"Tecnomotor - Es","description":"","potentialAction":[{"@type":"SearchAction","target":{"@type":"EntryPoint","urlTemplate":"https:\/\/tecnomotor.com\/es\/?s={search_term_string}"},"query-input":{"@type":"PropertyValueSpecification","valueRequired":true,"valueName":"search_term_string"}}],"inLanguage":"pt-BR"}]}},"_links":{"self":[{"href":"https:\/\/tecnomotor.com\/es\/wp-json\/wp\/v2\/pages\/1310","targetHints":{"allow":["GET"]}}],"collection":[{"href":"https:\/\/tecnomotor.com\/es\/wp-json\/wp\/v2\/pages"}],"about":[{"href":"https:\/\/tecnomotor.com\/es\/wp-json\/wp\/v2\/types\/page"}],"author":[{"embeddable":true,"href":"https:\/\/tecnomotor.com\/es\/wp-json\/wp\/v2\/users\/2"}],"replies":[{"embeddable":true,"href":"https:\/\/tecnomotor.com\/es\/wp-json\/wp\/v2\/comments?post=1310"}],"version-history":[{"count":1,"href":"https:\/\/tecnomotor.com\/es\/wp-json\/wp\/v2\/pages\/1310\/revisions"}],"predecessor-version":[{"id":1312,"href":"https:\/\/tecnomotor.com\/es\/wp-json\/wp\/v2\/pages\/1310\/revisions\/1312"}],"wp:attachment":[{"href":"https:\/\/tecnomotor.com\/es\/wp-json\/wp\/v2\/media?parent=1310"}],"curies":[{"name":"wp","href":"https:\/\/api.w.org\/{rel}","templated":true}]}}