{"id":3548,"date":"2023-01-10T17:06:36","date_gmt":"2023-01-10T20:06:36","guid":{"rendered":"https:\/\/tecnomotor.com\/es\/?page_id=3548"},"modified":"2023-01-10T17:09:24","modified_gmt":"2023-01-10T20:09:24","slug":"terminos-de-uso","status":"publish","type":"page","link":"https:\/\/tecnomotor.com\/es\/terminos-de-uso\/","title":{"rendered":"Terminos de uso"},"content":{"rendered":"\n<div class=\"wp-block-columns is-layout-flex wp-container-core-columns-is-layout-9d6595d7 wp-block-columns-is-layout-flex\">\n<div class=\"wp-block-column is-layout-flow wp-block-column-is-layout-flow\">\n<p><strong>Advertencia:<\/strong>&nbsp;lea atentamente estos t\u00e9rminos antes de utilizar este sitio.<br>El uso de este sitio indica que acepta estos t\u00e9rminos.&nbsp;Si no acepta estos t\u00e9rminos, no utilice este sitio web.<\/p>\n<\/div>\n<\/div>\n\n\n\n<h2 class=\"wp-block-heading\">Uso del sitio web<\/h2>\n\n\n\n<p>Tecnomotor (Tecnomotor Eletr\u00f4nica do Brasil SA y Tecnomotor Distribuidora SA) le otorga autorizaci\u00f3n para ver y obtener los materiales en este sitio (&#8220;Sitio&#8221;) exclusivamente para su uso personal, no comercial, siempre que conserve, en todas las copias de los materiales , todos los derechos de autor y otros avisos de propiedad contenidos en los materiales originales.<br>No puede modificar los materiales de este Sitio de ninguna manera ni reproducir, exhibir p\u00fablicamente, realizar, distribuir o utilizar estos materiales para ning\u00fan fin p\u00fablico o comercial.&nbsp;Cualquier uso de estos materiales en cualquier otro sitio web o entorno inform\u00e1tico en red para cualquier prop\u00f3sito est\u00e1 prohibido.&nbsp;Los materiales en este Sitio tienen derechos de autor y cualquier uso no autorizado de cualquier material en este Sitio puede violar los derechos de autor, marcas registradas y otras leyes.<br>Si viola alguno de estos T\u00e9rminos, su autorizaci\u00f3n para usar este Sitio finaliza autom\u00e1ticamente y debe destruir de inmediato cualquier material impreso o descargado.<\/p>\n\n\n\n<h2 class=\"wp-block-heading\">Descargo de responsabilidad<\/h2>\n\n\n\n<p>LOS MATERIALES (INCLUYENDO TODO EL SOFTWARE) Y LOS SERVICIOS PROPORCIONADOS EN ESTE SITIO SE PROPORCIONAN &#8220;TAL CUAL&#8221; SIN GARANT\u00cdAS DE NING\u00daN TIPO, INCLUIDAS LAS GARANT\u00cdAS DE COMERCIABILIDAD, IDONEIDAD PARA UN FIN DETERMINADO O NO VIOLACI\u00d3N DE LA PROPIEDAD INTELECTUAL.<br>Las obligaciones de Tecnomotor con respecto a sus productos y servicios se rigen exclusivamente por los acuerdos bajo los cuales se proporcionan y nada en este Sitio debe interpretarse como una alteraci\u00f3n de dichos acuerdos.<br>Tecnomotor no garantiza que los materiales, el software o los servicios de este Sitio sean exactos y completos.&nbsp;Tecnomotor puede realizar cambios en los materiales y servicios de este Sitio o en los productos descritos en cualquier momento y sin previo aviso.&nbsp;Los materiales y servicios de este Sitio pueden estar desactualizados y Tecnomotor no se compromete a actualizarlos.<br>La informaci\u00f3n publicada en este Sitio puede referirse a productos, programas o servicios que no est\u00e1n disponibles en su pa\u00eds.<br>Consulte a su contacto comercial local o al departamento comercial de Tecnomotor Distribuidora SA (MATRIZ) para obtener informaci\u00f3n sobre los productos, programas y servicios que pueden estar disponibles para usted.<br>Debido a que la ley aplicable puede no permitir la exclusi\u00f3n de garant\u00edas impl\u00edcitas, es posible que la exclusi\u00f3n anterior no se aplique a usted.<\/p>\n\n\n\n<h2 class=\"wp-block-heading\">Limitaci\u00f3n de responsabilidad<\/h2>\n\n\n\n<p>BAJO NINGUNA CIRCUNSTANCIA, TECNOMOTOR, SUS PROVEEDORES O LOS TERCEROS MENCIONADOS EN ESTE SITIO SER\u00c1N RESPONSABLES DE CUALQUIER DA\u00d1O (INCLUYENDO, SIN LIMITACI\u00d3N, AQUELLOS RESULTANTES DE LUCRO CESANTE, P\u00c9RDIDA DE DATOS O INTERRUPCI\u00d3N DEL NEGOCIO) DERIVADOS DEL USO, LA IMPOSIBILIDAD DE USO O LOS RESULTADOS DEL USO DE ESTE SITIO, CUALQUIER SITIO VINCULADO A ESTE SITIO O LOS MATERIALES, INFORMACI\u00d3N O SERVICIOS CONTENIDOS EN ESTE SITIO, YA SEA EN BASE A GARANT\u00cdA, CONTRATO, INFRACCI\u00d3N O CUALQUIER TEOR\u00cdA LEGAL, INCLUSO SI TECNOMOTOR HA SIDO ADVERTIDO DE LA POSIBILIDAD DE DICHOS DA\u00d1OS .&nbsp;SI SU USO DE LOS MATERIALES, INFORMACI\u00d3N O SERVICIOS EN ESTE SITIO RESULTA EN LA NECESIDAD DE SERVICIO, REPARACI\u00d3N O CORRECCI\u00d3N DEL EQUIPO O DATOS, USTED ASUME TODOS LOS COSTOS INCURRIDOS.<br>LA LEY APLICABLE PUEDE NO PERMITIR LA EXCLUSI\u00d3N O LIMITACI\u00d3N DE DA\u00d1OS INCIDENTALES O CONSECUENTES, POR LO QUE LAS LIMITACIONES O EXCLUSIONES ANTERIORES PUEDEN NO APLICAR EN SU CASO.<\/p>\n\n\n\n<h2 class=\"wp-block-heading\">Uso de software<\/h2>\n\n\n\n<p>Cualquier software que est\u00e9 disponible para descargar desde este Sitio es material con derechos de autor de Tecnomotor y\/o sus proveedores.<br>El uso del software estar\u00e1 sujeto a los t\u00e9rminos del acuerdo de licencia de usuario final, si lo hubiere, que acompa\u00f1a o se proporciona con el software (&#8220;Contrato de licencia&#8221;).<br>No puede descargar ni instalar el Software sin antes leer y aceptar los t\u00e9rminos del Acuerdo de licencia del software.<br>LA REPRODUCCI\u00d3N O REDISTRIBUCI\u00d3N DEL SOFTWARE EST\u00c1 PROHIBIDA, SALVO LO ESTABLECIDO EN EL ACUERDO DE LICENCIA CORRESPONDIENTE.<\/p>\n\n\n\n<h2 class=\"wp-block-heading\">Informaci\u00f3n enviada por el usuario<\/h2>\n\n\n\n<p>Tecnomotor no desea recibir informaci\u00f3n confidencial o de propiedad de usted a trav\u00e9s de este Sitio.<br>Tecnomotor y sus designados tendr\u00e1n la libertad de copiar, difundir, distribuir, incorporar y utilizar las Comunicaciones y todos los datos, im\u00e1genes, sonidos, textos y otros elementos incorporados en las mismas para todos y cada uno de los fines comerciales o no comerciales.<br>La informaci\u00f3n de identificaci\u00f3n personal enviada a Tecnomotor con el fin de recibir productos o servicios se manejar\u00e1 de acuerdo con la Declaraci\u00f3n de privacidad en l\u00ednea.<br>Tecnomotor es responsable de la recogida segura de los datos -mediante un Certificado de Seguridad en su sitio web HTTPS (SSL), mantenimiento de medidas de seguridad, t\u00e9cnicas y administrativas capaces de proteger los datos personales de accesos no autorizados y situaciones accidentales o il\u00edcitas de destrucci\u00f3n, p\u00e9rdida, alteraci\u00f3n, comunicaci\u00f3n o cualquier forma de tratamiento inapropiado o il\u00edcito.<br>De conformidad con el art.&nbsp;48 de la Ley N\u00b0 13.709, Tecnomotor notificar\u00e1 al Titular ya la Autoridad Nacional de Protecci\u00f3n de Datos (ANPD) la ocurrencia de un incidente de seguridad que pueda implicar un riesgo o da\u00f1o significativo para el Titular.<br>No puede publicar ni transmitir hacia o desde este Sitio ning\u00fan material ilegal, amenazante, calumnioso, difamatorio, obsceno, pornogr\u00e1fico o de otro tipo que pueda violar cualquier ley.<\/p>\n\n\n\n<h2 class=\"wp-block-heading\">Salas de chat, blogs y otros foros de usuarios<\/h2>\n\n\n\n<p>Tecnomotor puede, pero no est\u00e1 obligado a, monitorear o revisar cualquier \u00e1rea de los Sitios, Blogs y Foros en los que los usuarios transmiten o publican Comunicaciones o simplemente se comunican entre s\u00ed (incluidos, entre otros, salas de chat, Blogs u otros foros de usuarios ) y el contenido de tales Comunicaciones.<br>Sin embargo, Tecnomotor no asume ninguna responsabilidad en relaci\u00f3n con el contenido de dichas Comunicaciones, ya sea que se relacionen o no con derechos de autor, difamaci\u00f3n, privacidad, obscenidad u otra legislaci\u00f3n.<br>Tecnomotor se reserva el derecho de eliminar mensajes que incluyan cualquier material que considere abusivo, difamatorio, obsceno o inaceptable.<\/p>\n\n\n\n<h2 class=\"wp-block-heading\">Enlaces a sitios de terceros<\/h2>\n\n\n\n<p>Los enlaces a sitios web de terceros se proporcionan en este Sitio \u00fanicamente para su comodidad.<br>Si utiliza estos enlaces, abandonar\u00e1 este Sitio.&nbsp;Tecnomotor no ha examinado todos estos sitios de terceros y no controla ni es responsable de ninguno de ellos ni de su contenido.<br>Por lo tanto, Tecnomotor no avala ni hace declaraci\u00f3n alguna sobre dichos sitios, o sobre cualquier informaci\u00f3n, software u otros productos o materiales que se encuentren en ellos, o sobre cualquier resultado obtenido de su uso.&nbsp;Si decide acceder a cualquiera de los sitios web de terceros vinculados desde este Sitio, lo hace bajo su propio riesgo.<\/p>\n\n\n\n<h2 class=\"wp-block-heading\">Enlaces a este sitio<\/h2>\n\n\n\n<p>Puede crear enlaces desde otros sitios a este Sitio, pero exclusivamente de conformidad con la autorizaci\u00f3n previa de Tecnomotor y en cumplimiento de todas las leyes aplicables.<\/p>\n\n\n\n<h2 class=\"wp-block-heading\">Marcas registradas<\/h2>\n\n\n\n<p>Microsoft, Windows, Windows NT, SQL Server, Office y BackOffice son marcas comerciales o marcas comerciales registradas de Microsoft Corporation.<br>Celeron, Celeron Inside, Centrino, logotipo de Centrino, Core Inside, Intel, logotipo de Intel, Intel Core, Intel Inside, logotipo de Intel Inside, Intel SpeedStep, Intel Viiv, Itanium, Itanium Inside, Pentium, Pentium Inside, Xeon y Xeon Inside son marcas comerciales marcas comerciales o marcas comerciales registradas de Intel Corporation o sus subsidiarias en EE. UU. u otros pa\u00edses.<\/p>\n\n\n\n<h2 class=\"wp-block-heading\">Derechos restringidos<\/h2>\n\n\n\n<p>Este Sitio contiene datos t\u00e9cnicos confidenciales y software inform\u00e1tico.&nbsp;Se requiere una licencia v\u00e1lida de Tecnomotor para la posesi\u00f3n, uso o copia, seg\u00fan los t\u00e9rminos de la licencia comercial est\u00e1ndar de Tecnomotor.<\/p>\n\n\n\n<h2 class=\"wp-block-heading\">General<\/h2>\n\n\n\n<p>Este Sitio contiene datos t\u00e9cnicos confidenciales y software inform\u00e1tico.&nbsp;Se requiere una licencia v\u00e1lida de Tecnomotor para la posesi\u00f3n, uso o copia, bajo los t\u00e9rminos Tecnomotor puede revisar estos T\u00e9rminos en cualquier momento mediante la actualizaci\u00f3n de esta publicaci\u00f3n.&nbsp;Debe visitar esta p\u00e1gina de vez en cuando para revisar los T\u00e9rminos vigentes en ese momento, ya que est\u00e1 sujeto a ellos.<br>Algunas disposiciones de estos T\u00e9rminos pueden ser reemplazadas por t\u00e9rminos legales expresos o avisos ubicados en ciertas p\u00e1ginas de este Sitio.s de la licencia comercial est\u00e1ndar de Tecnomotor.<\/p>\n\n\n\n<h2 class=\"wp-block-heading\">Pautas para el establecimiento de enlaces a sitios web de Tecnomotor<\/h2>\n\n\n\n<p>Un sitio web que establece un enlace al sitio web de Tecnomotor:<br>Puede enlazar, pero no puede replicar el contenido de Tecnomotor.<br>No debe dar a entender que Tecnomotor respalda el sitio o sus productos.<br>No debe tergiversar su relaci\u00f3n con Tecnomotor.<br>No debe enviar informaci\u00f3n falsa sobre los productos o servicios de Tecnomotor.<br>No debe utilizar el logotipo de Tecnomotor sin permiso y sin cambiar sus caracter\u00edsticas originales y\/o incluido en la documentaci\u00f3n de \u201cIdentidad Visual\u201d de la empresa.&nbsp;(Ver Departamento de Marketing para m\u00e1s informaci\u00f3n).<br>No debe contener contenido que pueda interpretarse como prejuicioso, ofensivo o controvertido;&nbsp;su contenido debe ser apropiado para todos los grupos de edad.<\/p>\n","protected":false},"excerpt":{"rendered":"<p>Advertencia:&nbsp;lea atentamente estos t\u00e9rminos antes de utilizar este sitio.El uso de este sitio indica que acepta estos t\u00e9rminos.&nbsp;Si no acepta estos t\u00e9rminos, no utilice este sitio web. Uso del sitio web Tecnomotor (Tecnomotor Eletr\u00f4nica do Brasil SA y Tecnomotor Distribuidora SA) le otorga autorizaci\u00f3n para ver y obtener los materiales en este sitio (&#8220;Sitio&#8221;) exclusivamente&hellip; <a class=\"more-link\" href=\"https:\/\/tecnomotor.com\/es\/terminos-de-uso\/\">Continuar lendo <span class=\"screen-reader-text\">Terminos de uso<\/span><\/a><\/p>\n","protected":false},"author":1,"featured_media":0,"parent":0,"menu_order":0,"comment_status":"closed","ping_status":"closed","template":"","meta":{"inline_featured_image":false,"_monsterinsights_skip_tracking":false,"_monsterinsights_sitenote_active":false,"_monsterinsights_sitenote_note":"","_monsterinsights_sitenote_category":0,"_themeisle_gutenberg_block_has_review":false,"_joinchat":[],"footnotes":""},"class_list":["post-3548","page","type-page","status-publish","hentry","entry"],"yoast_head":"<!-- This site is optimized with the Yoast SEO plugin v27.5 - https:\/\/yoast.com\/product\/yoast-seo-wordpress\/ -->\n<title>Terminos de uso - Tecnomotor - Es<\/title>\n<meta name=\"robots\" content=\"index, follow, max-snippet:-1, max-image-preview:large, max-video-preview:-1\" \/>\n<link rel=\"canonical\" href=\"https:\/\/tecnomotor.com\/es\/terminos-de-uso\/\" \/>\n<meta property=\"og:locale\" content=\"pt_BR\" \/>\n<meta property=\"og:type\" content=\"article\" \/>\n<meta property=\"og:title\" content=\"Terminos de uso - Tecnomotor - Es\" \/>\n<meta property=\"og:description\" content=\"Advertencia:&nbsp;lea atentamente estos t\u00e9rminos antes de utilizar este sitio.El uso de este sitio indica que acepta estos t\u00e9rminos.&nbsp;Si no acepta estos t\u00e9rminos, no utilice este sitio web. Uso del sitio web Tecnomotor (Tecnomotor Eletr\u00f4nica do Brasil SA y Tecnomotor Distribuidora SA) le otorga autorizaci\u00f3n para ver y obtener los materiales en este sitio (&#8220;Sitio&#8221;) exclusivamente&hellip; Continuar lendo Terminos de uso\" \/>\n<meta property=\"og:url\" content=\"https:\/\/tecnomotor.com\/es\/terminos-de-uso\/\" \/>\n<meta property=\"og:site_name\" content=\"Tecnomotor - Es\" \/>\n<meta property=\"article:modified_time\" content=\"2023-01-10T20:09:24+00:00\" \/>\n<meta name=\"twitter:card\" content=\"summary_large_image\" \/>\n<meta name=\"twitter:label1\" content=\"Est. tempo de leitura\" \/>\n\t<meta name=\"twitter:data1\" content=\"8 minutos\" \/>\n<script type=\"application\/ld+json\" class=\"yoast-schema-graph\">{\"@context\":\"https:\\\/\\\/schema.org\",\"@graph\":[{\"@type\":\"WebPage\",\"@id\":\"https:\\\/\\\/tecnomotor.com\\\/es\\\/terminos-de-uso\\\/\",\"url\":\"https:\\\/\\\/tecnomotor.com\\\/es\\\/terminos-de-uso\\\/\",\"name\":\"Terminos de uso - Tecnomotor - Es\",\"isPartOf\":{\"@id\":\"https:\\\/\\\/tecnomotor.com\\\/es\\\/#website\"},\"datePublished\":\"2023-01-10T20:06:36+00:00\",\"dateModified\":\"2023-01-10T20:09:24+00:00\",\"breadcrumb\":{\"@id\":\"https:\\\/\\\/tecnomotor.com\\\/es\\\/terminos-de-uso\\\/#breadcrumb\"},\"inLanguage\":\"pt-BR\",\"potentialAction\":[{\"@type\":\"ReadAction\",\"target\":[\"https:\\\/\\\/tecnomotor.com\\\/es\\\/terminos-de-uso\\\/\"]}]},{\"@type\":\"BreadcrumbList\",\"@id\":\"https:\\\/\\\/tecnomotor.com\\\/es\\\/terminos-de-uso\\\/#breadcrumb\",\"itemListElement\":[{\"@type\":\"ListItem\",\"position\":1,\"name\":\"In\u00edcio\",\"item\":\"https:\\\/\\\/tecnomotor.com\\\/es\\\/\"},{\"@type\":\"ListItem\",\"position\":2,\"name\":\"Terminos de uso\"}]},{\"@type\":\"WebSite\",\"@id\":\"https:\\\/\\\/tecnomotor.com\\\/es\\\/#website\",\"url\":\"https:\\\/\\\/tecnomotor.com\\\/es\\\/\",\"name\":\"Tecnomotor - Es\",\"description\":\"\",\"potentialAction\":[{\"@type\":\"SearchAction\",\"target\":{\"@type\":\"EntryPoint\",\"urlTemplate\":\"https:\\\/\\\/tecnomotor.com\\\/es\\\/?s={search_term_string}\"},\"query-input\":{\"@type\":\"PropertyValueSpecification\",\"valueRequired\":true,\"valueName\":\"search_term_string\"}}],\"inLanguage\":\"pt-BR\"}]}<\/script>\n<!-- \/ Yoast SEO plugin. -->","yoast_head_json":{"title":"Terminos de uso - Tecnomotor - Es","robots":{"index":"index","follow":"follow","max-snippet":"max-snippet:-1","max-image-preview":"max-image-preview:large","max-video-preview":"max-video-preview:-1"},"canonical":"https:\/\/tecnomotor.com\/es\/terminos-de-uso\/","og_locale":"pt_BR","og_type":"article","og_title":"Terminos de uso - Tecnomotor - Es","og_description":"Advertencia:&nbsp;lea atentamente estos t\u00e9rminos antes de utilizar este sitio.El uso de este sitio indica que acepta estos t\u00e9rminos.&nbsp;Si no acepta estos t\u00e9rminos, no utilice este sitio web. Uso del sitio web Tecnomotor (Tecnomotor Eletr\u00f4nica do Brasil SA y Tecnomotor Distribuidora SA) le otorga autorizaci\u00f3n para ver y obtener los materiales en este sitio (&#8220;Sitio&#8221;) exclusivamente&hellip; Continuar lendo Terminos de uso","og_url":"https:\/\/tecnomotor.com\/es\/terminos-de-uso\/","og_site_name":"Tecnomotor - Es","article_modified_time":"2023-01-10T20:09:24+00:00","twitter_card":"summary_large_image","twitter_misc":{"Est. tempo de leitura":"8 minutos"},"schema":{"@context":"https:\/\/schema.org","@graph":[{"@type":"WebPage","@id":"https:\/\/tecnomotor.com\/es\/terminos-de-uso\/","url":"https:\/\/tecnomotor.com\/es\/terminos-de-uso\/","name":"Terminos de uso - Tecnomotor - Es","isPartOf":{"@id":"https:\/\/tecnomotor.com\/es\/#website"},"datePublished":"2023-01-10T20:06:36+00:00","dateModified":"2023-01-10T20:09:24+00:00","breadcrumb":{"@id":"https:\/\/tecnomotor.com\/es\/terminos-de-uso\/#breadcrumb"},"inLanguage":"pt-BR","potentialAction":[{"@type":"ReadAction","target":["https:\/\/tecnomotor.com\/es\/terminos-de-uso\/"]}]},{"@type":"BreadcrumbList","@id":"https:\/\/tecnomotor.com\/es\/terminos-de-uso\/#breadcrumb","itemListElement":[{"@type":"ListItem","position":1,"name":"In\u00edcio","item":"https:\/\/tecnomotor.com\/es\/"},{"@type":"ListItem","position":2,"name":"Terminos de uso"}]},{"@type":"WebSite","@id":"https:\/\/tecnomotor.com\/es\/#website","url":"https:\/\/tecnomotor.com\/es\/","name":"Tecnomotor - Es","description":"","potentialAction":[{"@type":"SearchAction","target":{"@type":"EntryPoint","urlTemplate":"https:\/\/tecnomotor.com\/es\/?s={search_term_string}"},"query-input":{"@type":"PropertyValueSpecification","valueRequired":true,"valueName":"search_term_string"}}],"inLanguage":"pt-BR"}]}},"_links":{"self":[{"href":"https:\/\/tecnomotor.com\/es\/wp-json\/wp\/v2\/pages\/3548","targetHints":{"allow":["GET"]}}],"collection":[{"href":"https:\/\/tecnomotor.com\/es\/wp-json\/wp\/v2\/pages"}],"about":[{"href":"https:\/\/tecnomotor.com\/es\/wp-json\/wp\/v2\/types\/page"}],"author":[{"embeddable":true,"href":"https:\/\/tecnomotor.com\/es\/wp-json\/wp\/v2\/users\/1"}],"replies":[{"embeddable":true,"href":"https:\/\/tecnomotor.com\/es\/wp-json\/wp\/v2\/comments?post=3548"}],"version-history":[{"count":4,"href":"https:\/\/tecnomotor.com\/es\/wp-json\/wp\/v2\/pages\/3548\/revisions"}],"predecessor-version":[{"id":3552,"href":"https:\/\/tecnomotor.com\/es\/wp-json\/wp\/v2\/pages\/3548\/revisions\/3552"}],"wp:attachment":[{"href":"https:\/\/tecnomotor.com\/es\/wp-json\/wp\/v2\/media?parent=3548"}],"curies":[{"name":"wp","href":"https:\/\/api.w.org\/{rel}","templated":true}]}}