{"id":3553,"date":"2023-01-10T17:11:06","date_gmt":"2023-01-10T20:11:06","guid":{"rendered":"https:\/\/tecnomotor.com\/es\/?page_id=3553"},"modified":"2023-01-10T17:11:48","modified_gmt":"2023-01-10T20:11:48","slug":"politica-de-privacidad","status":"publish","type":"page","link":"https:\/\/tecnomotor.com\/es\/politica-de-privacidad\/","title":{"rendered":"Pol\u00edtica de privacidad"},"content":{"rendered":"\n<h2 class=\"wp-block-heading\">\u00a1Gracias por visitar Tecnomotor!<\/h2>\n\n\n\n<p>Su privacidad es muy importante para nosotros y estamos comprometidos a mantener su privacidad mientras visita nuestro sitio web.<br>Esta Pol\u00edtica de privacidad destaca el tipo de informaci\u00f3n que podemos recopilar mientras visita nuestro sitio web y c\u00f3mo usamos esa informaci\u00f3n.<br>Cuando proporciona voluntariamente informaci\u00f3n personal, como su nombre, direcci\u00f3n o direcci\u00f3n de correo electr\u00f3nico, tratamos esta informaci\u00f3n de forma confidencial.<br>No se alquila, vende, publica ni comparte informaci\u00f3n personal con otras empresas, organizaciones o sitios en el sitio web.&nbsp;Este es nuestro compromiso con su privacidad.<br>Al usar este sitio web, usted acepta los t\u00e9rminos de la versi\u00f3n m\u00e1s reciente de esta pol\u00edtica de privacidad.&nbsp;Lea nuestros t\u00e9rminos de uso para comprender las reglas generales para usar este sitio web y cumplir con estas reglas.<br>Excepto por lo escrito en todos los dem\u00e1s descargos de responsabilidad, pol\u00edticas, t\u00e9rminos de uso u otros avisos en este sitio web, esta pol\u00edtica de privacidad y los t\u00e9rminos de uso son el acuerdo completo entre usted y Tecnomotor con respecto a su uso de este sitio web.<br>Sin embargo, puede estar sujeto a t\u00e9rminos adicionales que pueden aplicarse cuando accede a servicios o materiales particulares en ciertas \u00e1reas de este sitio web, o al seguir un enlace desde este sitio web a otras ubicaciones (que establecen pol\u00edticas de privacidad y t\u00e9rminos de uso que usted debe revisar y considerar separadamente y aparte de la pol\u00edtica de privacidad y t\u00e9rminos de uso de Tecnomotor).<br>En todo caso, al utilizar nuestros servicios, usted comprende y acepta que recopilaremos y utilizaremos su informaci\u00f3n personal en la forma descrita en la presente Pol\u00edtica, todo ello de conformidad con la Ley de Protecci\u00f3n de Datos (LGPD, Ley Federal 13.709\/2018), C\u00f3digo de Protecci\u00f3n al Consumidor &#8211; Ley Federal n\u00ba 8.078\/1990, adem\u00e1s de otras normas que componen el ordenamiento jur\u00eddico brasile\u00f1o, ahora aplicables.<\/p>\n\n\n\n<h2 class=\"wp-block-heading\">La informaci\u00f3n personal que desea proporcionarnos<\/h2>\n\n\n\n<p>Parte de este sitio se proporciona sin recopilar ninguna informaci\u00f3n de identificaci\u00f3n personal de nuestros visitantes.&nbsp;Recopilamos informaci\u00f3n de identificaci\u00f3n personal, como nombre, direcci\u00f3n, direcci\u00f3n de correo electr\u00f3nico, edad, etc., solo cuando nos env\u00eda o solicita informaci\u00f3n voluntariamente.<br>Tambi\u00e9n recopilamos esta informaci\u00f3n para conocer las \u00e1reas del sitio que son de mayor inter\u00e9s para los visitantes o para saber qui\u00e9n visita el sitio.<br>La informaci\u00f3n recopilada se utilizar\u00e1 para responder a sus consultas, o cumplir con los programas de mensajer\u00eda de correo electr\u00f3nico y\/o notificar a los visitantes sobre nuevos contenidos o servicios en nuestro sitio web solo cuando se solicite espec\u00edficamente.<br>Como hacen muchas otras empresas, Tecnomotor tambi\u00e9n mide el rendimiento de su p\u00e1gina para mejorarla y ajustarla seg\u00fan el perfil de sus visitantes.<br>Durante su visita, Tecnomotor recopilar\u00e1 autom\u00e1ticamente la siguiente informaci\u00f3n sobre usted y su computadora:<br>\u2013 El dominio y el servidor desde el cual accedi\u00f3 a Internet<br>\u2013 La direcci\u00f3n de la p\u00e1gina de Internet desde la cual fue redirigido a nuestra p\u00e1gina, si corresponde<br>\u2013 La fecha y la hora en que ingres\u00f3 a la p\u00e1gina, cu\u00e1nto tiempo permaneci\u00f3 en ella y qu\u00e9 p\u00e1ginas visit\u00f3<br>\u2013 Su direcci\u00f3n de red (IP)<br>\u2013 El sistema operativo y navegador de su computadora<br>Podemos confiar la medici\u00f3n del rendimiento descrito a terceros.&nbsp;Sin embargo, en ning\u00fan momento adquirimos informaci\u00f3n de identidad personal de nuestros visitantes.<br>Estos terceros estar\u00e1n obligados a observar nuestros est\u00e1ndares de privacidad, a brindarnos \u00fanicamente informaci\u00f3n que agregue valor y a utilizarla \u00fanicamente con fines de medici\u00f3n,<br>destruyendo la informaci\u00f3n ya utilizada.&nbsp;De acuerdo con la ley brasile\u00f1a, utilizamos servicios de terceros para controlar las visitas al sitio web, pero la responsabilidad es enteramente de Tecnomotor.<br>Tecnomotor no revelar\u00e1, vender\u00e1, alquilar\u00e1 ni intercambiar\u00e1 ninguna informaci\u00f3n de identificaci\u00f3n personal con ninguna otra organizaci\u00f3n o entidad, a menos que el usuario sea notificado previamente y lo acepte expresamente, o si as\u00ed lo requiere la ley.&nbsp;Adem\u00e1s del uso y la divulgaci\u00f3n establecidos anteriormente, tambi\u00e9n podemos divulgar informaci\u00f3n personal a terceros para cumplir con los requisitos legales aplicables, como en respuesta a una orden de allanamiento, orden judicial, orden judicial o citaci\u00f3n legal, reglamento u otro ley;&nbsp;en situaciones especiales, como en respuesta a una amenaza f\u00edsica para usted o para otros, o para proteger nuestra propiedad o defender o hacer cumplir nuestras normas legales;&nbsp;o en formas que creemos que son consistentes con las regulaciones, orientaci\u00f3n,<br>Adem\u00e1s, podemos cooperar con las autoridades encargadas de hacer cumplir la ley que investigan a los visitantes y aquellos que acceden al sitio web y violan nuestras reglas o muestran un comportamiento da\u00f1ino o ilegal para otros visitantes.<\/p>\n\n\n\n<h2 class=\"wp-block-heading\">De consentimiento<\/h2>\n\n\n\n<p>Es con su consentimiento que procesamos sus datos personales.<br>Adem\u00e1s, el consentimiento es una manifestaci\u00f3n libre, informada e inequ\u00edvoca, seg\u00fan la cual autorizas a Tecnomotor a tratar tus datos.<br>De acuerdo con la Ley General de Protecci\u00f3n de Datos, sus datos s\u00f3lo ser\u00e1n recabados, tratados y almacenados con su previo y expreso consentimiento.<br>Hacemos hincapi\u00e9 en que su consentimiento se obtendr\u00e1 espec\u00edficamente para cada finalidad descrita anteriormente, lo que demuestra el compromiso de Tecnomotor con la transparencia y la buena fe hacia sus usuarios\/clientes, siguiendo las normas legislativas pertinentes.<br>Al utilizar los servicios de Tecnomotor y proporcionar sus datos personales, usted conoce y consiente las disposiciones de esta Pol\u00edtica de Privacidad, adem\u00e1s de conocer sus derechos y c\u00f3mo ejercerlos.<br>En cualquier momento y sin coste alguno, podr\u00e1 retirar su consentimiento.<br>Es importante resaltar que la revocaci\u00f3n del consentimiento para el tratamiento de datos puede implicar la imposibilidad del correcto funcionamiento de alguna funcionalidad del sitio web que depende del funcionamiento.&nbsp;Tales consecuencias ser\u00e1n informadas con antelaci\u00f3n.<\/p>\n\n\n\n<h2 class=\"wp-block-heading\">De los derechos<\/h2>\n\n\n\n<p>Tecnomotor asegura a sus usuarios\/clientes los derechos previstos en el art\u00edculo 18 de la Ley General de Protecci\u00f3n de Datos.&nbsp;De esta forma, podr\u00e1, de forma gratuita y en cualquier momento:<br>\u2013 Confirmar la existencia de un tratamiento de datos, de forma simplificada o en un formato claro y completo.<br>\u2013 Acceder a sus datos, pudiendo solicitarlos en copia legible en forma impresa o electr\u00f3nica, segura y fehaciente.<br>\u2013 Corregir sus datos, al solicitar su edici\u00f3n, correcci\u00f3n o actualizaci\u00f3n.<br>\u2013 Limitar sus datos cuando sean innecesarios, excesivos o tratados en violaci\u00f3n de la legislaci\u00f3n mediante anonimizaci\u00f3n, bloqueo o eliminaci\u00f3n.&nbsp;\u2013 Solicitar la portabilidad de sus datos, a trav\u00e9s de un informe de datos de registro que Tecnomotor trata sobre usted.<br>\u2013 Suprimir sus datos tratados en base a su consentimiento, salvo en los casos previstos por la ley.<br>\u2013 Revocar su consentimiento, no permitiendo el tratamiento de sus datos.<br>\u2013 Inf\u00f3rmese sobre la posibilidad de no prestar su consentimiento y las consecuencias de la negativa.<\/p>\n\n\n\n<h2 class=\"wp-block-heading\">Tiempo de almacenamiento de datos<\/h2>\n\n\n\n<p>Sus datos personales recabados por Tecnomotor ser\u00e1n utilizados y almacenados durante el tiempo necesario para prestar el servicio o para lograr las finalidades enumeradas en esta Pol\u00edtica de Privacidad, considerando los derechos de los interesados \u200b\u200by del responsable del tratamiento.<br>Con car\u00e1cter general, los datos se conservar\u00e1n mientras dure la relaci\u00f3n contractual entre usted y Tecnomotor.<br>Al final del per\u00edodo de almacenamiento de los datos personales, estos ser\u00e1n eliminados de nuestras bases de datos o anonimizados, salvo las hip\u00f3tesis legalmente previstas en el art\u00edculo 16 de la ley general de protecci\u00f3n de datos, a saber:<br>I &#8211; cumplimiento de una obligaci\u00f3n legal o reglamentaria por parte del controlador;<br>II \u2013 estudio por organismo de investigaci\u00f3n, asegurando, siempre que sea posible, la anonimizaci\u00f3n de los datos personales;<br>III &#8211; transferencia a tercero, siempre que se respeten los requisitos de tratamiento de datos previstos en esta Ley;&nbsp;o<br>IV &#8211; uso exclusivo del responsable del tratamiento, quedando prohibido el acceso de un tercero, siempre que los datos sean anonimizados.<br>Es decir, se mantendr\u00e1 la informaci\u00f3n personal sobre usted que sea indispensable para el cumplimiento de determinaciones legales, judiciales y administrativas y\/o para el ejercicio del derecho de defensa en procedimientos judiciales y administrativos, a pesar de la exclusi\u00f3n de otros datos.<br>El almacenamiento de los datos recopilados por Tecnomotor refleja nuestro compromiso con la seguridad y privacidad de sus datos.&nbsp;Empleamos medidas y soluciones t\u00e9cnicas de protecci\u00f3n capaces de garantizar la confidencialidad, integridad e inviolabilidad de sus datos.&nbsp;Adem\u00e1s, tambi\u00e9n contamos con medidas de seguridad adecuadas a los riesgos y control de acceso a la informaci\u00f3n almacenada.<\/p>\n\n\n\n<h2 class=\"wp-block-heading\">A los padres<\/h2>\n\n\n\n<p>Este sitio web est\u00e1 destinado principalmente para el uso de proveedores y profesionales de reparaci\u00f3n de autom\u00f3viles y consumidores adultos, y no est\u00e1 destinado ni pretende atraer a ni\u00f1os.<br>No recopilamos a sabiendas informaci\u00f3n personal de ninguna persona.<\/p>\n\n\n\n<h2 class=\"wp-block-heading\">Acerca de la seguridad<\/h2>\n\n\n\n<p>Utilizamos sistemas para almacenar informaci\u00f3n de forma segura y evitar el acceso no autorizado.<br>Contamos con un sistema de control de protecci\u00f3n de la privacidad para garantizar que la informaci\u00f3n est\u00e9 segura y protegida.&nbsp;Solo los empleados autorizados por Tecnomotor pueden tener acceso a esta informaci\u00f3n y este acceso est\u00e1 limitado seg\u00fan sea necesario.<br>Sin embargo, es necesario se\u00f1alar que ninguna p\u00e1gina virtual es totalmente segura y libre de riesgos.&nbsp;Es posible que, a pesar de todos nuestros protocolos de seguridad, se produzcan problemas \u00fanicamente por culpa de terceros, como ciberataques de piratas inform\u00e1ticos, o tambi\u00e9n por negligencia o imprudencia del usuario\/cliente.<br>En caso de incidentes de seguridad que pudieran generar riesgo o da\u00f1o relevante para usted o cualquiera de nuestros usuarios\/clientes, informaremos a los afectados y a la Autoridad Nacional de Protecci\u00f3n de Datos sobre lo ocurrido, de conformidad con lo dispuesto en la Ley General de Protecci\u00f3n de Datos. .<\/p>\n\n\n\n<h2 class=\"wp-block-heading\">Uso de cookies<\/h2>\n\n\n\n<p>El sitio web utiliza cookies para enviar informaci\u00f3n a su computadora mientras est\u00e1 viendo este sitio web.<br>Las cookies son exclusivas de su computadora y permiten que el servidor web reenv\u00ede informaci\u00f3n para que visitar el sitio sea m\u00e1s f\u00e1cil y conveniente.<br>Las cookies y la conveniencia le permiten ahorrar tiempo cuando regresa a este sitio.&nbsp;Solo pueden ser le\u00eddos por un servidor web en un dominio que emita la cookie por usted.<br>Las cookies no se pueden utilizar para ejecutar programas o enviar virus a su computadora.<br>Usamos cookies para obtener informaci\u00f3n no personal sobre los visitantes en l\u00ednea.&nbsp;Las cookies rastrean el tipo de navegador, el sistema operativo y el proveedor de servicios de Internet y nos permiten saber el n\u00famero total de visitas a nuestro sitio.<br>Al acceder a nuestro sitio web y dar su consentimiento para el uso de Cookies, reconoce y acepta el uso de un sistema de recopilaci\u00f3n de datos de navegaci\u00f3n con el uso de Cookies en su dispositivo.<br>Puede, en cualquier momento y sin costo alguno, cambiar los permisos, bloquear o rechazar las Cookies.<br>No obstante, la revocaci\u00f3n del consentimiento para determinadas Cookies puede impedir el correcto funcionamiento de algunas funcionalidades de la plataforma.<br>Para administrar las cookies de su navegador, simplemente h\u00e1galo directamente en la configuraci\u00f3n del navegador, en el \u00e1rea de administraci\u00f3n de cookies. Puede encontrar m\u00e1s informaci\u00f3n sobre las cookies en http:\/\/www.microsoft.com\/info\/en\/cookies.mspx<\/p>\n\n\n\n<h2 class=\"wp-block-heading\">De responsabilidad<\/h2>\n\n\n\n<p>Tecnomotor prev\u00e9 la responsabilidad de los agentes que act\u00faan en los procesos de tratamiento de datos, de conformidad con los art\u00edculos 42 a 45 de la Ley General de Protecci\u00f3n de Datos.<br>Nos comprometemos a mantener actualizada la presente Pol\u00edtica de Privacidad, observando sus disposiciones y velando por su cumplimiento.<br>Adem\u00e1s, tambi\u00e9n nos comprometemos a buscar las condiciones t\u00e9cnicas y organizativas que sean capaces de proteger de forma segura todo el proceso de procesamiento de datos.<br>Si la Autoridad Nacional de Protecci\u00f3n de Datos requiere la adopci\u00f3n de medidas en relaci\u00f3n con el tratamiento de datos realizado por (raz\u00f3n social simplificada), nos comprometemos a seguirlas.<\/p>\n\n\n\n<h2 class=\"wp-block-heading\">El descargo de responsabilidad<\/h2>\n\n\n\n<p>Como se mencion\u00f3 en el Tema \u201cSOBRE LA SEGURIDAD\u201d, aunque adoptamos altos est\u00e1ndares de seguridad para evitar incidentes, ninguna p\u00e1gina virtual est\u00e1 completamente libre de riesgos.&nbsp;En este sentido, Tecnomotor no se hace responsable de:<br>\u2013 Las consecuencias derivadas de la negligencia, imprudencia o mala pr\u00e1ctica de los usuarios en relaci\u00f3n con sus datos personales.&nbsp;Garantizamos y solo somos responsables de la seguridad de los procesos de procesamiento de datos y el cumplimiento de los fines descritos en este instrumento.<br>Hacemos hincapi\u00e9 en que el usuario es responsable de la confidencialidad de los datos de acceso.<br>\u2013 Acciones maliciosas de terceros, como ataques de piratas inform\u00e1ticos, a menos que se demuestre culpabilidad o conducta deliberada por parte de (raz\u00f3n social simplificada).<br>Hacemos hincapi\u00e9 en que en caso de incidentes de seguridad que puedan generar riesgo o da\u00f1o relevante para usted o cualquiera de nuestros usuarios\/clientes, informaremos a los afectados y a la Autoridad Nacional de Protecci\u00f3n de Datos sobre lo sucedido y tomaremos las medidas necesarias.<br>\u2013 Inexactitud de la informaci\u00f3n ingresada por el usuario\/cliente en los registros necesarios para utilizar los servicios de (raz\u00f3n social simplificada);&nbsp;las consecuencias derivadas de una informaci\u00f3n falsa o introducida de mala fe son de la entera responsabilidad del usuario\/cliente.<\/p>\n\n\n\n<h2 class=\"wp-block-heading\">Cont\u00e1ctenos<\/h2>\n\n\n\n<p>Si tiene preguntas o comentarios sobre el sitio web, env\u00ede un correo electr\u00f3nico a: mktwebdesigner@tecnomotor.com.br<\/p>\n\n\n\n<h2 class=\"wp-block-heading\">Cambios en la Pol\u00edtica de Privacidad<\/h2>\n\n\n\n<p>La versi\u00f3n actual de la Pol\u00edtica de Privacidad fue formulada y actualizada por \u00faltima vez el: 30 de octubre de 2021.<br>Nos reservamos el derecho de modificar esta Pol\u00edtica de Privacidad en cualquier momento, principalmente en t\u00e9rminos de adaptaci\u00f3n a cualquier cambio realizado en nuestro sitio web o en el \u00e1mbito legislativo.&nbsp;Le recomendamos que lo revise con frecuencia.<br>Cualquier cambio entrar\u00e1 en vigor a partir de su publicaci\u00f3n en nuestro sitio web y siempre le notificaremos cualquier cambio que se haya producido.<br>Al utilizar nuestros servicios y proporcionar sus datos personales despu\u00e9s de dichos cambios, usted los acepta.<\/p>\n\n\n\n<h2 class=\"wp-block-heading\">Utilizaci\u00f3n de terceros prestadores de servicios<\/h2>\n\n\n\n<p>Contratamos a terceros para que nos brinden servicios de publicaci\u00f3n y administraci\u00f3n para este sitio web.&nbsp;En esos casos, estos terceros pueden tener acceso a su informaci\u00f3n personal.<br>Los terceros siguen nuestros est\u00e1ndares de privacidad y usan esta informaci\u00f3n solo para cumplir con sus responsabilidades hacia nosotros.&nbsp;Esta cl\u00e1usula no exime a Tecnomotor de responsabilidad por el contenido del sitio web.<\/p>\n","protected":false},"excerpt":{"rendered":"<p>\u00a1Gracias por visitar Tecnomotor! Su privacidad es muy importante para nosotros y estamos comprometidos a mantener su privacidad mientras visita nuestro sitio web.Esta Pol\u00edtica de privacidad destaca el tipo de informaci\u00f3n que podemos recopilar mientras visita nuestro sitio web y c\u00f3mo usamos esa informaci\u00f3n.Cuando proporciona voluntariamente informaci\u00f3n personal, como su nombre, direcci\u00f3n o direcci\u00f3n de&hellip; <a class=\"more-link\" href=\"https:\/\/tecnomotor.com\/es\/politica-de-privacidad\/\">Continuar lendo <span class=\"screen-reader-text\">Pol\u00edtica de privacidad<\/span><\/a><\/p>\n","protected":false},"author":1,"featured_media":0,"parent":0,"menu_order":0,"comment_status":"closed","ping_status":"closed","template":"","meta":{"inline_featured_image":false,"_monsterinsights_skip_tracking":false,"_monsterinsights_sitenote_active":false,"_monsterinsights_sitenote_note":"","_monsterinsights_sitenote_category":0,"_themeisle_gutenberg_block_has_review":false,"_joinchat":[],"footnotes":""},"class_list":["post-3553","page","type-page","status-publish","hentry","entry"],"yoast_head":"<!-- This site is optimized with the Yoast SEO plugin v27.5 - https:\/\/yoast.com\/product\/yoast-seo-wordpress\/ -->\n<title>Pol\u00edtica de privacidad - Tecnomotor - Es<\/title>\n<meta name=\"robots\" content=\"index, follow, max-snippet:-1, max-image-preview:large, max-video-preview:-1\" \/>\n<link rel=\"canonical\" href=\"https:\/\/tecnomotor.com\/es\/politica-de-privacidad\/\" \/>\n<meta property=\"og:locale\" content=\"pt_BR\" \/>\n<meta property=\"og:type\" content=\"article\" \/>\n<meta property=\"og:title\" content=\"Pol\u00edtica de privacidad - Tecnomotor - Es\" \/>\n<meta property=\"og:description\" content=\"\u00a1Gracias por visitar Tecnomotor! Su privacidad es muy importante para nosotros y estamos comprometidos a mantener su privacidad mientras visita nuestro sitio web.Esta Pol\u00edtica de privacidad destaca el tipo de informaci\u00f3n que podemos recopilar mientras visita nuestro sitio web y c\u00f3mo usamos esa informaci\u00f3n.Cuando proporciona voluntariamente informaci\u00f3n personal, como su nombre, direcci\u00f3n o direcci\u00f3n de&hellip; Continuar lendo Pol\u00edtica de privacidad\" \/>\n<meta property=\"og:url\" content=\"https:\/\/tecnomotor.com\/es\/politica-de-privacidad\/\" \/>\n<meta property=\"og:site_name\" content=\"Tecnomotor - Es\" \/>\n<meta property=\"article:modified_time\" content=\"2023-01-10T20:11:48+00:00\" \/>\n<meta name=\"twitter:card\" content=\"summary_large_image\" \/>\n<meta name=\"twitter:label1\" content=\"Est. tempo de leitura\" \/>\n\t<meta name=\"twitter:data1\" content=\"13 minutos\" \/>\n<script type=\"application\/ld+json\" class=\"yoast-schema-graph\">{\"@context\":\"https:\\\/\\\/schema.org\",\"@graph\":[{\"@type\":\"WebPage\",\"@id\":\"https:\\\/\\\/tecnomotor.com\\\/es\\\/politica-de-privacidad\\\/\",\"url\":\"https:\\\/\\\/tecnomotor.com\\\/es\\\/politica-de-privacidad\\\/\",\"name\":\"Pol\u00edtica de privacidad - Tecnomotor - Es\",\"isPartOf\":{\"@id\":\"https:\\\/\\\/tecnomotor.com\\\/es\\\/#website\"},\"datePublished\":\"2023-01-10T20:11:06+00:00\",\"dateModified\":\"2023-01-10T20:11:48+00:00\",\"breadcrumb\":{\"@id\":\"https:\\\/\\\/tecnomotor.com\\\/es\\\/politica-de-privacidad\\\/#breadcrumb\"},\"inLanguage\":\"pt-BR\",\"potentialAction\":[{\"@type\":\"ReadAction\",\"target\":[\"https:\\\/\\\/tecnomotor.com\\\/es\\\/politica-de-privacidad\\\/\"]}]},{\"@type\":\"BreadcrumbList\",\"@id\":\"https:\\\/\\\/tecnomotor.com\\\/es\\\/politica-de-privacidad\\\/#breadcrumb\",\"itemListElement\":[{\"@type\":\"ListItem\",\"position\":1,\"name\":\"In\u00edcio\",\"item\":\"https:\\\/\\\/tecnomotor.com\\\/es\\\/\"},{\"@type\":\"ListItem\",\"position\":2,\"name\":\"Pol\u00edtica de privacidad\"}]},{\"@type\":\"WebSite\",\"@id\":\"https:\\\/\\\/tecnomotor.com\\\/es\\\/#website\",\"url\":\"https:\\\/\\\/tecnomotor.com\\\/es\\\/\",\"name\":\"Tecnomotor - Es\",\"description\":\"\",\"potentialAction\":[{\"@type\":\"SearchAction\",\"target\":{\"@type\":\"EntryPoint\",\"urlTemplate\":\"https:\\\/\\\/tecnomotor.com\\\/es\\\/?s={search_term_string}\"},\"query-input\":{\"@type\":\"PropertyValueSpecification\",\"valueRequired\":true,\"valueName\":\"search_term_string\"}}],\"inLanguage\":\"pt-BR\"}]}<\/script>\n<!-- \/ Yoast SEO plugin. -->","yoast_head_json":{"title":"Pol\u00edtica de privacidad - Tecnomotor - Es","robots":{"index":"index","follow":"follow","max-snippet":"max-snippet:-1","max-image-preview":"max-image-preview:large","max-video-preview":"max-video-preview:-1"},"canonical":"https:\/\/tecnomotor.com\/es\/politica-de-privacidad\/","og_locale":"pt_BR","og_type":"article","og_title":"Pol\u00edtica de privacidad - Tecnomotor - Es","og_description":"\u00a1Gracias por visitar Tecnomotor! Su privacidad es muy importante para nosotros y estamos comprometidos a mantener su privacidad mientras visita nuestro sitio web.Esta Pol\u00edtica de privacidad destaca el tipo de informaci\u00f3n que podemos recopilar mientras visita nuestro sitio web y c\u00f3mo usamos esa informaci\u00f3n.Cuando proporciona voluntariamente informaci\u00f3n personal, como su nombre, direcci\u00f3n o direcci\u00f3n de&hellip; Continuar lendo Pol\u00edtica de privacidad","og_url":"https:\/\/tecnomotor.com\/es\/politica-de-privacidad\/","og_site_name":"Tecnomotor - Es","article_modified_time":"2023-01-10T20:11:48+00:00","twitter_card":"summary_large_image","twitter_misc":{"Est. tempo de leitura":"13 minutos"},"schema":{"@context":"https:\/\/schema.org","@graph":[{"@type":"WebPage","@id":"https:\/\/tecnomotor.com\/es\/politica-de-privacidad\/","url":"https:\/\/tecnomotor.com\/es\/politica-de-privacidad\/","name":"Pol\u00edtica de privacidad - Tecnomotor - Es","isPartOf":{"@id":"https:\/\/tecnomotor.com\/es\/#website"},"datePublished":"2023-01-10T20:11:06+00:00","dateModified":"2023-01-10T20:11:48+00:00","breadcrumb":{"@id":"https:\/\/tecnomotor.com\/es\/politica-de-privacidad\/#breadcrumb"},"inLanguage":"pt-BR","potentialAction":[{"@type":"ReadAction","target":["https:\/\/tecnomotor.com\/es\/politica-de-privacidad\/"]}]},{"@type":"BreadcrumbList","@id":"https:\/\/tecnomotor.com\/es\/politica-de-privacidad\/#breadcrumb","itemListElement":[{"@type":"ListItem","position":1,"name":"In\u00edcio","item":"https:\/\/tecnomotor.com\/es\/"},{"@type":"ListItem","position":2,"name":"Pol\u00edtica de privacidad"}]},{"@type":"WebSite","@id":"https:\/\/tecnomotor.com\/es\/#website","url":"https:\/\/tecnomotor.com\/es\/","name":"Tecnomotor - Es","description":"","potentialAction":[{"@type":"SearchAction","target":{"@type":"EntryPoint","urlTemplate":"https:\/\/tecnomotor.com\/es\/?s={search_term_string}"},"query-input":{"@type":"PropertyValueSpecification","valueRequired":true,"valueName":"search_term_string"}}],"inLanguage":"pt-BR"}]}},"_links":{"self":[{"href":"https:\/\/tecnomotor.com\/es\/wp-json\/wp\/v2\/pages\/3553","targetHints":{"allow":["GET"]}}],"collection":[{"href":"https:\/\/tecnomotor.com\/es\/wp-json\/wp\/v2\/pages"}],"about":[{"href":"https:\/\/tecnomotor.com\/es\/wp-json\/wp\/v2\/types\/page"}],"author":[{"embeddable":true,"href":"https:\/\/tecnomotor.com\/es\/wp-json\/wp\/v2\/users\/1"}],"replies":[{"embeddable":true,"href":"https:\/\/tecnomotor.com\/es\/wp-json\/wp\/v2\/comments?post=3553"}],"version-history":[{"count":1,"href":"https:\/\/tecnomotor.com\/es\/wp-json\/wp\/v2\/pages\/3553\/revisions"}],"predecessor-version":[{"id":3554,"href":"https:\/\/tecnomotor.com\/es\/wp-json\/wp\/v2\/pages\/3553\/revisions\/3554"}],"wp:attachment":[{"href":"https:\/\/tecnomotor.com\/es\/wp-json\/wp\/v2\/media?parent=3553"}],"curies":[{"name":"wp","href":"https:\/\/api.w.org\/{rel}","templated":true}]}}